{"id":3426,"date":"2021-11-24T10:05:17","date_gmt":"2021-11-24T15:05:17","guid":{"rendered":"https:\/\/standahead.org\/?page_id=3426"},"modified":"2025-01-17T15:51:56","modified_gmt":"2025-01-17T20:51:56","slug":"accueil","status":"publish","type":"page","link":"https:\/\/womensbrainhealthday.org\/fr\/","title":{"rendered":"ACCUEIL"},"content":{"rendered":"<p><div class=\"fusion-fullwidth fullwidth-box fusion-builder-row-1 fusion-flex-container video-background has-pattern-background has-mask-background nonhundred-percent-fullwidth non-hundred-percent-height-scrolling\" style=\"--awb-border-radius-top-left:0px;--awb-border-radius-top-right:0px;--awb-border-radius-bottom-right:0px;--awb-border-radius-bottom-left:0px;--awb-padding-right-medium:0px;--awb-padding-right-small:0px;--awb-padding-left-small:0px;--awb-background-color:#753878;--awb-flex-wrap:wrap;\" ><div class=\"fullwidth-video-image\" style=\"background-image:url(https:\/\/womensbrainhealthday.org\/wp-content\/uploads\/2024\/02\/home-hero-background.jpg);\"><\/div><div class=\"fullwidth-video\"><video preload=\"auto\" autoplay playsinline loop muted><source src=\"https:\/\/womensbrainhealthday.org\/wp-content\/uploads\/2024\/02\/WBHD-Website-Hero-Background-Video.mp4\" type=\"video\/mp4\"><\/video><\/div><div class=\"fusion-builder-row fusion-row fusion-flex-align-items-stretch fusion-flex-content-wrap\" style=\"max-width:1244.88px;margin-left: calc(-4% \/ 2 );margin-right: calc(-4% \/ 2 );\"><div class=\"fusion-layout-column fusion_builder_column fusion-builder-column-0 fusion_builder_column_1_2 1_2 fusion-flex-column\" style=\"--awb-padding-top:320px;--awb-padding-bottom:120px;--awb-padding-top-medium:220px;--awb-padding-bottom-medium:70px;--awb-padding-left-medium:33px;--awb-padding-top-small:40px;--awb-padding-right-small:30px;--awb-padding-bottom-small:40px;--awb-padding-left-small:30px;--awb-bg-position:right center;--awb-bg-size:contain;--awb-width-large:50%;--awb-margin-top-large:0px;--awb-spacing-right-large:3.84%;--awb-margin-bottom-large:0px;--awb-spacing-left-large:3.84%;--awb-width-medium:50%;--awb-order-medium:0;--awb-spacing-right-medium:3.84%;--awb-spacing-left-medium:3.84%;--awb-width-small:100%;--awb-order-small:2;--awb-spacing-right-small:1.92%;--awb-spacing-left-small:1.92%;\" data-scroll-devices=\"small-visibility,medium-visibility,large-visibility\"><div class=\"fusion-column-wrapper fusion-column-has-shadow fusion-flex-justify-content-flex-start fusion-content-layout-column\"><div class=\"fusion-text fusion-text-1\" style=\"--awb-font-size:33px;--awb-letter-spacing:1px;--awb-text-color:var(--awb-color2);--awb-text-font-family:&quot;Interstate LightCondensed&quot;;--awb-text-font-style:normal;--awb-text-font-weight:400;\"><p class=\"home-banner-text\" style=\"max-width: 510px;\">La Journ\u00e9e de la sant\u00e9 c\u00e9r\u00e9brale des femmes a permis de recueillir <strong>4,5 millions $ au profit de la recherche et de la sensibilisation au diapason des besoins des femmes.<\/strong><\/p>\n<\/div><div ><a class=\"fusion-button button-flat fusion-button-default-size button-custom fusion-button-default button-1 fusion-button-span-yes fusion-button-default-type btn-max-width-326\" style=\"--button_accent_color:#ffffff;--button_accent_hover_color:#ffffff;--button_border_hover_color:#ffffff;--button_gradient_top_color:var(--awb-color4);--button_gradient_bottom_color:var(--awb-color4);--button_gradient_top_color_hover:var(--awb-custom_color_2);--button_gradient_bottom_color_hover:var(--awb-custom_color_2);\" target=\"_blank\" rel=\"noopener noreferrer\" href=\"https:\/\/womensbrainhealth.com\/donate-wbhd\/\"><span class=\"fusion-button-text awb-button__text awb-button__text--default\">DONNEZ AUJOURD\u2019HUI<\/span><\/a><\/div><\/div><\/div><div class=\"fusion-layout-column fusion_builder_column fusion-builder-column-1 fusion_builder_column_1_2 1_2 fusion-flex-column\" style=\"--awb-padding-top-medium:100px;--awb-padding-top-small:110px;--awb-padding-right-small:0px;--awb-padding-left-small:60px;--awb-bg-size:cover;--awb-width-large:50%;--awb-margin-top-large:0px;--awb-spacing-right-large:3.84%;--awb-margin-bottom-large:0px;--awb-spacing-left-large:3.84%;--awb-width-medium:50%;--awb-order-medium:0;--awb-spacing-right-medium:3.84%;--awb-spacing-left-medium:3.84%;--awb-width-small:100%;--awb-order-small:1;--awb-spacing-right-small:1.92%;--awb-spacing-left-small:1.92%;\" data-scroll-devices=\"small-visibility,medium-visibility,large-visibility\"><div class=\"fusion-column-wrapper fusion-column-has-shadow fusion-flex-justify-content-flex-end fusion-content-layout-column\"><div class=\"fusion-text fusion-text-2 fusion-no-small-visibility fusion-no-medium-visibility fusion-text-no-margin\" style=\"--awb-margin-bottom:0px;\"><div class=\"home-banner-graphic-desktop\"><img decoding=\"async\" src=\"https:\/\/womensbrainhealthday.org\/wp-content\/uploads\/2024\/02\/home-banner-graphic-1.png\" \/><\/div>\n<\/div><div class=\"fusion-image-element fusion-no-small-visibility fusion-no-large-visibility\" style=\"--awb-caption-title-font-family:var(--h2_typography-font-family);--awb-caption-title-font-weight:var(--h2_typography-font-weight);--awb-caption-title-font-style:var(--h2_typography-font-style);--awb-caption-title-size:var(--h2_typography-font-size);--awb-caption-title-transform:var(--h2_typography-text-transform);--awb-caption-title-line-height:var(--h2_typography-line-height);--awb-caption-title-letter-spacing:var(--h2_typography-letter-spacing);\"><span class=\" fusion-imageframe imageframe-none imageframe-1 hover-type-none\"><img decoding=\"async\" width=\"617\" height=\"756\" src=\"https:\/\/womensbrainhealthday.org\/wp-content\/uploads\/2024\/02\/home-banner-graphic-tab.png\" alt class=\"img-responsive wp-image-6317\" srcset=\"https:\/\/womensbrainhealthday.org\/wp-content\/uploads\/2024\/02\/home-banner-graphic-tab-200x245.png 200w, https:\/\/womensbrainhealthday.org\/wp-content\/uploads\/2024\/02\/home-banner-graphic-tab-400x490.png 400w, https:\/\/womensbrainhealthday.org\/wp-content\/uploads\/2024\/02\/home-banner-graphic-tab-600x735.png 600w, https:\/\/womensbrainhealthday.org\/wp-content\/uploads\/2024\/02\/home-banner-graphic-tab.png 617w\" sizes=\"(max-width: 767px) 100vw, 600px\" \/><\/span><\/div><div class=\"fusion-image-element fusion-no-medium-visibility fusion-no-large-visibility\" style=\"--awb-caption-title-font-family:var(--h2_typography-font-family);--awb-caption-title-font-weight:var(--h2_typography-font-weight);--awb-caption-title-font-style:var(--h2_typography-font-style);--awb-caption-title-size:var(--h2_typography-font-size);--awb-caption-title-transform:var(--h2_typography-text-transform);--awb-caption-title-line-height:var(--h2_typography-line-height);--awb-caption-title-letter-spacing:var(--h2_typography-letter-spacing);\"><span class=\" fusion-imageframe imageframe-none imageframe-2 hover-type-none\"><img decoding=\"async\" width=\"707\" height=\"572\" src=\"https:\/\/womensbrainhealthday.org\/wp-content\/uploads\/2024\/02\/home-banner-graphic-mobile-2.png\" alt class=\"img-responsive wp-image-6314\" srcset=\"https:\/\/womensbrainhealthday.org\/wp-content\/uploads\/2024\/02\/home-banner-graphic-mobile-2-200x162.png 200w, https:\/\/womensbrainhealthday.org\/wp-content\/uploads\/2024\/02\/home-banner-graphic-mobile-2-400x324.png 400w, https:\/\/womensbrainhealthday.org\/wp-content\/uploads\/2024\/02\/home-banner-graphic-mobile-2-600x485.png 600w, https:\/\/womensbrainhealthday.org\/wp-content\/uploads\/2024\/02\/home-banner-graphic-mobile-2.png 707w\" sizes=\"(max-width: 767px) 100vw, 600px\" \/><\/span><\/div><\/div><\/div><\/div><\/div><div class=\"fusion-fullwidth fullwidth-box fusion-builder-row-2 fusion-flex-container video-background has-pattern-background has-mask-background hundred-percent-fullwidth non-hundred-percent-height-scrolling\" style=\"--awb-border-radius-top-left:0px;--awb-border-radius-top-right:0px;--awb-border-radius-bottom-right:0px;--awb-border-radius-bottom-left:0px;--awb-padding-top:0px;--awb-padding-right:0px;--awb-padding-bottom:0px;--awb-padding-left:0px;--awb-flex-wrap:wrap;\" ><div id=\"video-1\" class=\"fusion-background-video-wrapper\" data-vimeo-video-id=\"1047988237\" data-mute=\"yes\" data-video-aspect-ratio=\"16:9\" style=\"opacity:0;\"><iframe id=\"video-iframe-1\" class=\"fusion-container-video-bg\" src=\"\/\/player.vimeo.com\/video\/1047988237?html5=1&autopause=0&autoplay=1&badge=0&byline=0&autopause=0&loop=1&title=0&muted=1\" frameborder=\"0\"><\/iframe><\/div><div class=\"fusion-builder-row fusion-row fusion-flex-align-items-flex-start fusion-flex-content-wrap\" style=\"width:104% !important;max-width:104% !important;margin-left: calc(-4% \/ 2 );margin-right: calc(-4% \/ 2 );\"><div class=\"fusion-layout-column fusion_builder_column fusion-builder-column-2 fusion_builder_column_1_1 1_1 fusion-flex-column\" style=\"--awb-padding-top:100px;--awb-padding-right:30px;--awb-padding-bottom:120px;--awb-padding-left:30px;--awb-padding-top-small:75px;--awb-padding-bottom-small:95px;--awb-bg-color:rgba(244,201,207,0.85);--awb-bg-color-hover:rgba(244,201,207,0.85);--awb-bg-size:cover;--awb-width-large:100%;--awb-margin-top-large:0px;--awb-spacing-right-large:1.92%;--awb-margin-bottom-large:0px;--awb-spacing-left-large:1.92%;--awb-width-medium:100%;--awb-order-medium:0;--awb-spacing-right-medium:1.92%;--awb-spacing-left-medium:1.92%;--awb-width-small:100%;--awb-order-small:0;--awb-spacing-right-small:1.92%;--awb-spacing-left-small:1.92%;\" data-scroll-devices=\"small-visibility,medium-visibility,large-visibility\"><div class=\"fusion-column-wrapper fusion-column-has-shadow fusion-flex-justify-content-flex-start fusion-content-layout-column\"><div class=\"fusion-counters-box counters-box row fusion-clearfix fusion-columns-1 wbhd-counter-box wbhd-counter-box-fr\" style=\"--awb-body-color:rgba(116,116,116,0);--awb-border-color:rgba(224,222,222,0);--awb-color:var(--awb-color6);--awb-title-size:152;--awb-border-color:rgba(224,222,222,0);\"><div class=\"fusion-counter-box fusion-column col-counter-box counter-box-wrapper col-lg-12 col-md-12 col-sm-12\" data-animationOffset=\"top-into-view\"><div class=\"counter-box-container\"><div class=\"content-box-percentage content-box-counter\"><span class=\"display-counter\" data-value=\"500000\" data-delimiter=\" \" data-direction=\"up\" data-decimals=\"0\">0<\/span><span class=\"unit\"> $<\/span><\/div><div class=\"counter-box-content\"><\/div><\/div><\/div><\/div><div class=\"fusion-text fusion-text-3\" style=\"--awb-content-alignment:center;--awb-font-size:33px;--awb-text-color:var(--awb-color6);\"><div class=\"wbhd-event-counter-text\">\n<p>En 2024, l\u2019\u00e9v\u00e9nement lors de la Journ\u00e9e de la sant\u00e9 c\u00e9r\u00e9brale des femmes a recueilli plus de 500\u00a0000\u00a0$ pour mener des recherches approfondies sur la d\u00e9pendance des jeunes aux m\u00e9dias sociaux et aux \u00e9crans, ainsi que son contrecoup sur la sant\u00e9 mentale.<\/p>\n<\/div>\n<\/div><div class=\"fusion-separator fusion-full-width-sep\" style=\"align-self: center;margin-left: auto;margin-right: auto;margin-top:30px;width:100%;\"><\/div><div style=\"text-align:center;\"><a class=\"fusion-button button-flat fusion-button-default-size button-default fusion-button-default button-2 fusion-button-span-yes fusion-button-default-type btn-desktop-max-width-326\" target=\"_self\" href=\"https:\/\/womensbrainhealthday.org\/fr\/retrospective\/#2024\"><span class=\"fusion-button-text awb-button__text awb-button__text--default\">REVOIR L\u2019\u00c9V\u00c9NEMENT<\/span><\/a><\/div><\/div><\/div><\/div><\/div><div class=\"fusion-fullwidth fullwidth-box fusion-builder-row-3 fusion-flex-container has-pattern-background has-mask-background nonhundred-percent-fullwidth non-hundred-percent-height-scrolling fusion-animated\" style=\"--awb-border-radius-top-left:0px;--awb-border-radius-top-right:0px;--awb-border-radius-bottom-right:0px;--awb-border-radius-bottom-left:0px;--awb-padding-bottom:186px;--awb-padding-bottom-medium:106px;--awb-padding-bottom-small:266px;--awb-background-color:var(--awb-color5);--awb-flex-wrap:wrap;\" data-animationType=\"fadeInDown\" data-animationDuration=\"0.6\" data-animationOffset=\"top-into-view\" ><div class=\"fusion-builder-row fusion-row fusion-flex-align-items-flex-start fusion-flex-content-wrap\" style=\"max-width:1244.88px;margin-left: calc(-4% \/ 2 );margin-right: calc(-4% \/ 2 );\"><div class=\"fusion-layout-column fusion_builder_column fusion-builder-column-3 fusion_builder_column_1_1 1_1 fusion-flex-column\" style=\"--awb-bg-size:cover;--awb-width-large:100%;--awb-margin-top-large:0px;--awb-spacing-right-large:1.92%;--awb-margin-bottom-large:20px;--awb-spacing-left-large:1.92%;--awb-width-medium:100%;--awb-order-medium:0;--awb-spacing-right-medium:1.92%;--awb-spacing-left-medium:1.92%;--awb-width-small:100%;--awb-order-small:0;--awb-spacing-right-small:1.92%;--awb-spacing-left-small:1.92%;\"><div class=\"fusion-column-wrapper fusion-column-has-shadow fusion-flex-justify-content-flex-start fusion-content-layout-column\"><\/div><\/div><\/div><\/div><div class=\"fusion-fullwidth fullwidth-box fusion-builder-row-4 fusion-flex-container has-pattern-background has-mask-background nonhundred-percent-fullwidth non-hundred-percent-height-scrolling fusion-animated\" style=\"--awb-border-radius-top-left:0px;--awb-border-radius-top-right:0px;--awb-border-radius-bottom-right:0px;--awb-border-radius-bottom-left:0px;--awb-padding-bottom:100px;--awb-padding-right-small:0px;--awb-padding-bottom-small:70px;--awb-background-color:var(--awb-color2);--awb-flex-wrap:wrap;\" data-animationType=\"fadeIn\" data-animationDuration=\"3.0\" data-animationDelay=\"0.5\" data-animationOffset=\"top-into-view\" ><div class=\"fusion-builder-row fusion-row fusion-flex-align-items-flex-end fusion-flex-content-wrap\" style=\"max-width:1244.88px;margin-left: calc(-4% \/ 2 );margin-right: calc(-4% \/ 2 );\"><div class=\"fusion-layout-column fusion_builder_column fusion-builder-column-4 fusion_builder_column_1_2 1_2 fusion-flex-column\" style=\"--awb-padding-left-small:40px;--awb-bg-size:cover;--awb-width-large:50%;--awb-margin-top-large:0px;--awb-spacing-right-large:0px;--awb-margin-bottom-large:20px;--awb-spacing-left-large:3.84%;--awb-width-medium:50%;--awb-order-medium:0;--awb-spacing-right-medium:3.84%;--awb-spacing-left-medium:3.84%;--awb-width-small:100%;--awb-order-small:0;--awb-spacing-right-small:1.92%;--awb-spacing-left-small:1.92%;\" data-scroll-devices=\"small-visibility,medium-visibility,large-visibility\"><div class=\"fusion-column-wrapper fusion-column-has-shadow fusion-flex-justify-content-flex-start fusion-content-layout-column\"><div class=\"fusion-image-element sm-text-align-right\" style=\"--awb-margin-top:-103px;--awb-margin-top-medium:-64px;--awb-margin-top-small:-216px;--awb-caption-title-font-family:var(--h2_typography-font-family);--awb-caption-title-font-weight:var(--h2_typography-font-weight);--awb-caption-title-font-style:var(--h2_typography-font-style);--awb-caption-title-size:var(--h2_typography-font-size);--awb-caption-title-transform:var(--h2_typography-text-transform);--awb-caption-title-line-height:var(--h2_typography-line-height);--awb-caption-title-letter-spacing:var(--h2_typography-letter-spacing);\"><span class=\" fusion-imageframe imageframe-none imageframe-3 hover-type-none\"><img decoding=\"async\" width=\"598\" height=\"797\" src=\"https:\/\/womensbrainhealthday.org\/wp-content\/uploads\/2024\/02\/WBH_Website_Animation_Selected.gif\" alt class=\"img-responsive wp-image-6220\"\/><\/span><\/div><\/div><\/div><div class=\"fusion-layout-column fusion_builder_column fusion-builder-column-5 fusion_builder_column_1_2 1_2 fusion-flex-column\" style=\"--awb-padding-top:30px;--awb-padding-right:30px;--awb-padding-left:50px;--awb-padding-right-medium:0px;--awb-padding-left-medium:0px;--awb-padding-right-small:30px;--awb-padding-left-small:0px;--awb-bg-size:cover;--awb-width-large:50%;--awb-margin-top-large:0px;--awb-spacing-right-large:3.84%;--awb-margin-bottom-large:20px;--awb-spacing-left-large:3.84%;--awb-width-medium:50%;--awb-order-medium:0;--awb-spacing-right-medium:3.84%;--awb-spacing-left-medium:3.84%;--awb-width-small:100%;--awb-order-small:0;--awb-spacing-right-small:1.92%;--awb-spacing-left-small:1.92%;\" data-scroll-devices=\"small-visibility,medium-visibility,large-visibility\"><div class=\"fusion-column-wrapper fusion-column-has-shadow fusion-flex-justify-content-flex-start fusion-content-layout-column\"><div class=\"fusion-title title fusion-title-1 fusion-sep-none fusion-title-text fusion-title-size-two tab-font-size-54\" style=\"--awb-text-color:var(--awb-color6);--awb-margin-top-small:0px;--awb-margin-right-small:0px;--awb-margin-bottom-small:31px;--awb-margin-left-small:0px;--awb-margin-bottom-medium:20px;--awb-font-size:85px;\"><h2 class=\"fusion-title-heading title-heading-left fusion-responsive-typography-calculated\" style=\"font-family:&quot;Interstate LightCondensed&quot;;font-style:normal;font-weight:400;margin:0;letter-spacing:2px;font-size:1em;--fontSize:85;line-height:1;\">Utilisation des<br \/>\nfonds recueillis<\/h2><\/div><div class=\"fusion-text fusion-text-4 tab-font-size-21\" style=\"--awb-font-size:30px;\"><p class=\"home-donation-section-text\">Les fonds recueillis lors de la Journ\u00e9e de la sant\u00e9 c\u00e9r\u00e9brale des femmes servent \u00e0 financer les programmes de recherche et de sensibilisation de Women\u2019s Brain Health Initiative.<\/p>\n<\/div><div class=\"fusion-separator fusion-no-small-visibility fusion-no-medium-visibility fusion-full-width-sep\" style=\"align-self: center;margin-left: auto;margin-right: auto;margin-top:60px;width:100%;\"><\/div><div class=\"fusion-separator fusion-no-small-visibility fusion-no-large-visibility fusion-full-width-sep\" style=\"align-self: center;margin-left: auto;margin-right: auto;margin-top:10px;width:100%;\"><\/div><div ><a class=\"fusion-button button-flat fusion-button-default-size button-default fusion-button-default button-3 fusion-button-span-yes fusion-button-default-type btn-desktop-max-width-326\" target=\"_blank\" rel=\"noopener noreferrer\" href=\"https:\/\/womensbrainhealth.com\/donate-wbhd\/\"><span class=\"fusion-button-text awb-button__text awb-button__text--default\">DONNEZ AUJOURD\u2019HUI<\/span><\/a><\/div><\/div><\/div><\/div><\/div><div class=\"fusion-fullwidth fullwidth-box fusion-builder-row-5 fusion-flex-container has-pattern-background has-mask-background nonhundred-percent-fullwidth non-hundred-percent-height-scrolling\" style=\"--awb-border-radius-top-left:0px;--awb-border-radius-top-right:0px;--awb-border-radius-bottom-right:0px;--awb-border-radius-bottom-left:0px;--awb-padding-left-small:0px;--awb-background-color:var(--awb-color2);--awb-flex-wrap:wrap;\" ><div class=\"fusion-builder-row fusion-row fusion-flex-align-items-flex-start fusion-flex-content-wrap\" style=\"max-width:1244.88px;margin-left: calc(-4% \/ 2 );margin-right: calc(-4% \/ 2 );\"><div class=\"fusion-layout-column fusion_builder_column fusion-builder-column-6 fusion_builder_column_1_2 1_2 fusion-flex-column fusion-animated\" style=\"--awb-padding-bottom:30px;--awb-padding-right-medium:70px;--awb-padding-top-small:40px;--awb-padding-right-small:0px;--awb-padding-bottom-small:60px;--awb-padding-left-small:70px;--awb-bg-size:cover;--awb-width-large:50%;--awb-margin-top-large:0px;--awb-spacing-right-large:3.84%;--awb-margin-bottom-large:0px;--awb-spacing-left-large:3.84%;--awb-width-medium:50%;--awb-order-medium:0;--awb-spacing-right-medium:3.84%;--awb-spacing-left-medium:3.84%;--awb-width-small:100%;--awb-order-small:2;--awb-spacing-right-small:1.92%;--awb-spacing-left-small:1.92%;\" data-animationType=\"fadeIn\" data-animationDuration=\"3.0\" data-animationDelay=\"0.5\" data-animationOffset=\"top-into-view\" data-scroll-devices=\"small-visibility,medium-visibility,large-visibility\"><div class=\"fusion-column-wrapper fusion-column-has-shadow fusion-flex-justify-content-flex-start fusion-content-layout-column\"><div class=\"fusion-title title fusion-title-2 fusion-sep-none fusion-title-text fusion-title-size-two tab-font-size-54\" style=\"--awb-text-color:var(--awb-color6);--awb-margin-top-small:0px;--awb-margin-right-small:0px;--awb-margin-bottom-small:31px;--awb-margin-left-small:0px;--awb-margin-bottom-medium:20px;--awb-font-size:85px;\"><h2 class=\"fusion-title-heading title-heading-left fusion-responsive-typography-calculated\" style=\"font-family:&quot;Interstate LightCondensed&quot;;font-style:normal;font-weight:400;margin:0;letter-spacing:2px;font-size:1em;--fontSize:85;line-height:1;\">Faites fructifier<br \/>\nvotre don<\/h2><\/div><div class=\"fusion-text fusion-text-5 tab-font-size-21\" style=\"--awb-font-size:30px;\"><p class=\"leveraging-section-text\">La Fondation Brain Canada a pr\u00eat\u00e9 son g\u00e9n\u00e9reux soutien en contribuant 250 000\u00a0$ chaque ann\u00e9e, doublant ainsi votre impact.<\/p>\n<\/div><div class=\"fusion-separator fusion-no-small-visibility fusion-no-large-visibility fusion-full-width-sep\" style=\"align-self: center;margin-left: auto;margin-right: auto;margin-top:10px;width:100%;\"><\/div><div class=\"fusion-image-element \" style=\"--awb-margin-top:50px;--awb-margin-top-medium:0px;--awb-caption-title-font-family:var(--h2_typography-font-family);--awb-caption-title-font-weight:var(--h2_typography-font-weight);--awb-caption-title-font-style:var(--h2_typography-font-style);--awb-caption-title-size:var(--h2_typography-font-size);--awb-caption-title-transform:var(--h2_typography-text-transform);--awb-caption-title-line-height:var(--h2_typography-line-height);--awb-caption-title-letter-spacing:var(--h2_typography-letter-spacing);\"><span class=\" fusion-imageframe imageframe-none imageframe-4 hover-type-none home-brain-canada-logo\"><img decoding=\"async\" width=\"369\" height=\"106\" src=\"https:\/\/womensbrainhealthday.org\/wp-content\/uploads\/2024\/02\/brain-canada-logo.png\" alt class=\"img-responsive wp-image-6250\" srcset=\"https:\/\/womensbrainhealthday.org\/wp-content\/uploads\/2024\/02\/brain-canada-logo-200x57.png 200w, https:\/\/womensbrainhealthday.org\/wp-content\/uploads\/2024\/02\/brain-canada-logo.png 369w\" sizes=\"(max-width: 767px) 100vw, 369px\" \/><\/span><\/div><\/div><\/div><div class=\"fusion-layout-column fusion_builder_column fusion-builder-column-7 fusion_builder_column_1_2 1_2 fusion-flex-column fusion-animated\" style=\"--awb-bg-size:cover;--awb-width-large:50%;--awb-margin-top-large:0px;--awb-spacing-right-large:3.84%;--awb-margin-bottom-large:0px;--awb-spacing-left-large:0px;--awb-width-medium:50%;--awb-order-medium:0;--awb-spacing-right-medium:3.84%;--awb-spacing-left-medium:3.84%;--awb-width-small:100%;--awb-order-small:1;--awb-spacing-right-small:1.92%;--awb-spacing-left-small:1.92%;\" data-animationType=\"fadeIn\" data-animationDuration=\"3.0\" data-animationDelay=\"0.5\" data-animationOffset=\"top-into-view\" data-scroll-devices=\"small-visibility,medium-visibility,large-visibility\"><div class=\"fusion-column-wrapper fusion-column-has-shadow fusion-flex-justify-content-flex-start fusion-content-layout-column\"><div class=\"fusion-image-element \" style=\"--awb-margin-bottom:-99px;--awb-margin-bottom-small:0px;--awb-caption-title-font-family:var(--h2_typography-font-family);--awb-caption-title-font-weight:var(--h2_typography-font-weight);--awb-caption-title-font-style:var(--h2_typography-font-style);--awb-caption-title-size:var(--h2_typography-font-size);--awb-caption-title-transform:var(--h2_typography-text-transform);--awb-caption-title-line-height:var(--h2_typography-line-height);--awb-caption-title-letter-spacing:var(--h2_typography-letter-spacing);\"><span class=\" fusion-imageframe imageframe-none imageframe-5 hover-type-none\"><img decoding=\"async\" width=\"598\" height=\"797\" src=\"https:\/\/womensbrainhealthday.org\/wp-content\/uploads\/2024\/02\/WBH_Website-Selected_Simple_Full.gif\" alt class=\"img-responsive wp-image-6248\"\/><\/span><\/div><\/div><\/div><\/div><\/div><\/p>\n","protected":false},"excerpt":{"rendered":"","protected":false},"author":2,"featured_media":0,"parent":0,"menu_order":0,"comment_status":"closed","ping_status":"closed","template":"100-width.php","meta":{"footnotes":""},"class_list":["post-3426","page","type-page","status-publish","hentry"],"_links":{"self":[{"href":"https:\/\/womensbrainhealthday.org\/fr\/wp-json\/wp\/v2\/pages\/3426","targetHints":{"allow":["GET"]}}],"collection":[{"href":"https:\/\/womensbrainhealthday.org\/fr\/wp-json\/wp\/v2\/pages"}],"about":[{"href":"https:\/\/womensbrainhealthday.org\/fr\/wp-json\/wp\/v2\/types\/page"}],"author":[{"embeddable":true,"href":"https:\/\/womensbrainhealthday.org\/fr\/wp-json\/wp\/v2\/users\/2"}],"replies":[{"embeddable":true,"href":"https:\/\/womensbrainhealthday.org\/fr\/wp-json\/wp\/v2\/comments?post=3426"}],"version-history":[{"count":0,"href":"https:\/\/womensbrainhealthday.org\/fr\/wp-json\/wp\/v2\/pages\/3426\/revisions"}],"wp:attachment":[{"href":"https:\/\/womensbrainhealthday.org\/fr\/wp-json\/wp\/v2\/media?parent=3426"}],"curies":[{"name":"wp","href":"https:\/\/api.w.org\/{rel}","templated":true}]}}