{"id":7025,"date":"2024-03-28T01:52:12","date_gmt":"2024-03-28T05:52:12","guid":{"rendered":"https:\/\/womensbrainhealthday.org\/?page_id=7025"},"modified":"2024-04-23T03:32:59","modified_gmt":"2024-04-23T07:32:59","slug":"pourquoi-aider","status":"publish","type":"page","link":"https:\/\/womensbrainhealthday.org\/fr\/pourquoi-aider\/","title":{"rendered":"Pourquoi aider"},"content":{"rendered":"<p><div class=\"fusion-fullwidth fullwidth-box fusion-builder-row-1 fusion-flex-container has-pattern-background has-mask-background nonhundred-percent-fullwidth non-hundred-percent-height-scrolling\" style=\"--awb-border-radius-top-left:0px;--awb-border-radius-top-right:0px;--awb-border-radius-bottom-right:0px;--awb-border-radius-bottom-left:0px;--awb-padding-top-small:100px;--awb-background-color:#f4c8ce;--awb-flex-wrap:wrap;\" ><div class=\"fusion-builder-row fusion-row fusion-flex-align-items-center fusion-flex-content-wrap\" style=\"max-width:1244.88px;margin-left: calc(-4% \/ 2 );margin-right: calc(-4% \/ 2 );\"><div class=\"fusion-layout-column fusion_builder_column fusion-builder-column-0 fusion_builder_column_1_2 1_2 fusion-flex-column fusion-animated\" style=\"--awb-padding-top:150px;--awb-padding-left-medium:33px;--awb-padding-top-small:0px;--awb-padding-bottom-small:30px;--awb-padding-left-small:0px;--awb-bg-size:cover;--awb-width-large:50%;--awb-margin-top-large:0px;--awb-spacing-right-large:3.84%;--awb-margin-bottom-large:0px;--awb-spacing-left-large:3.84%;--awb-width-medium:50%;--awb-order-medium:0;--awb-spacing-right-medium:3.84%;--awb-spacing-left-medium:3.84%;--awb-width-small:100%;--awb-order-small:2;--awb-spacing-right-small:1.92%;--awb-spacing-left-small:1.92%;\" data-animationType=\"fadeIn\" data-animationDuration=\"3.0\" data-animationOffset=\"top-into-view\" data-scroll-devices=\"small-visibility,medium-visibility,large-visibility\"><div class=\"fusion-column-wrapper fusion-column-has-shadow fusion-flex-justify-content-flex-start fusion-content-layout-column\"><div class=\"fusion-title title fusion-title-1 fusion-sep-none fusion-title-text fusion-title-size-two why-support-page-title\" style=\"--awb-margin-bottom:15px;--awb-margin-top-small:0px;--awb-margin-right-small:0px;--awb-margin-bottom-small:15px;--awb-margin-left-small:0px;\"><h2 class=\"fusion-title-heading title-heading-left fusion-responsive-typography-calculated\" style=\"margin:0;--fontSize:60;line-height:1;\">Pourquoi soutenir la Journ\u00e9e de la sant\u00e9 c\u00e9r\u00e9brale des femmes<\/h2><\/div><div class=\"fusion-text fusion-text-1 why-support-banner-text\" style=\"--awb-font-size:30px;--awb-text-color:var(--awb-color7);\"><p>Saviez-vous que les femmes repr\u00e9sentent <br \/>70 % des cas d\u2019alzheimer ? Ce n\u2019est pas tout\u2026<\/p>\n<\/div><\/div><\/div><div class=\"fusion-layout-column fusion_builder_column fusion-builder-column-1 fusion_builder_column_1_2 1_2 fusion-flex-column fusion-animated\" style=\"--awb-bg-size:cover;--awb-width-large:50%;--awb-margin-top-large:0px;--awb-spacing-right-large:3.84%;--awb-margin-bottom-large:0px;--awb-spacing-left-large:3.84%;--awb-width-medium:50%;--awb-order-medium:0;--awb-spacing-right-medium:3.84%;--awb-spacing-left-medium:3.84%;--awb-width-small:100%;--awb-order-small:1;--awb-spacing-right-small:1.92%;--awb-spacing-left-small:1.92%;\" data-animationType=\"fadeIn\" data-animationDuration=\"3.0\" data-animationOffset=\"top-into-view\" data-scroll-devices=\"small-visibility,medium-visibility,large-visibility\"><div class=\"fusion-column-wrapper fusion-column-has-shadow fusion-flex-justify-content-flex-start fusion-content-layout-column\"><div class=\"fusion-text fusion-text-2 fusion-no-small-visibility fusion-text-no-margin\" style=\"--awb-margin-bottom:0px;\"><div class=\"why-support-banner-graphic\"><img decoding=\"async\" src=\"https:\/\/womensbrainhealthday.org\/wp-content\/uploads\/2024\/03\/Why-Support-banner-graphic-desktop.png\" \/><\/div>\n<\/div><div class=\"fusion-image-element fusion-no-medium-visibility fusion-no-large-visibility\" style=\"--awb-margin-right-small:-30px;--awb-margin-bottom-small:50px;--awb-caption-title-font-family:var(--h2_typography-font-family);--awb-caption-title-font-weight:var(--h2_typography-font-weight);--awb-caption-title-font-style:var(--h2_typography-font-style);--awb-caption-title-size:var(--h2_typography-font-size);--awb-caption-title-transform:var(--h2_typography-text-transform);--awb-caption-title-line-height:var(--h2_typography-line-height);--awb-caption-title-letter-spacing:var(--h2_typography-letter-spacing);\"><span class=\" fusion-imageframe imageframe-none imageframe-1 hover-type-none\"><img decoding=\"async\" width=\"716\" height=\"688\" src=\"https:\/\/womensbrainhealthday.org\/wp-content\/uploads\/2024\/02\/Why-Support-banner-graphic-mobile-1.png\" alt class=\"img-responsive wp-image-6486\" srcset=\"https:\/\/womensbrainhealthday.org\/wp-content\/uploads\/2024\/02\/Why-Support-banner-graphic-mobile-1-200x192.png 200w, https:\/\/womensbrainhealthday.org\/wp-content\/uploads\/2024\/02\/Why-Support-banner-graphic-mobile-1-400x384.png 400w, https:\/\/womensbrainhealthday.org\/wp-content\/uploads\/2024\/02\/Why-Support-banner-graphic-mobile-1-600x577.png 600w, https:\/\/womensbrainhealthday.org\/wp-content\/uploads\/2024\/02\/Why-Support-banner-graphic-mobile-1.png 716w\" sizes=\"(max-width: 767px) 100vw, 600px\" \/><\/span><\/div><\/div><\/div><\/div><\/div><div class=\"fusion-fullwidth fullwidth-box fusion-builder-row-2 fusion-flex-container has-pattern-background has-mask-background nonhundred-percent-fullwidth non-hundred-percent-height-scrolling\" style=\"--awb-border-radius-top-left:0px;--awb-border-radius-top-right:0px;--awb-border-radius-bottom-right:0px;--awb-border-radius-bottom-left:0px;--awb-padding-top:120px;--awb-padding-bottom:100px;--awb-padding-top-medium:80px;--awb-padding-bottom-medium:60px;--awb-padding-top-small:70px;--awb-padding-bottom-small:50px;--awb-background-color:var(--awb-color5);--awb-flex-wrap:wrap;\" ><div class=\"fusion-builder-row fusion-row fusion-flex-align-items-flex-start fusion-flex-content-wrap\" style=\"max-width:1244.88px;margin-left: calc(-4% \/ 2 );margin-right: calc(-4% \/ 2 );\"><div class=\"fusion-layout-column fusion_builder_column fusion-builder-column-2 fusion_builder_column_1_1 1_1 fusion-flex-column fusion-animated\" style=\"--awb-bg-size:cover;--awb-width-large:100%;--awb-margin-top-large:0px;--awb-spacing-right-large:1.92%;--awb-margin-bottom-large:20px;--awb-spacing-left-large:1.92%;--awb-width-medium:100%;--awb-order-medium:0;--awb-spacing-right-medium:1.92%;--awb-spacing-left-medium:1.92%;--awb-width-small:100%;--awb-order-small:0;--awb-spacing-right-small:1.92%;--awb-spacing-left-small:1.92%;\" data-animationType=\"fadeIn\" data-animationDuration=\"3.0\" data-animationDelay=\"0.5\" data-animationOffset=\"top-into-view\" data-scroll-devices=\"small-visibility,medium-visibility,large-visibility\"><div class=\"fusion-column-wrapper fusion-column-has-shadow fusion-flex-justify-content-flex-start fusion-content-layout-column\"><div class=\"fusion-title title fusion-title-2 fusion-sep-none fusion-title-text fusion-title-size-two did-you-know-title\" style=\"--awb-text-color:var(--awb-color8);--awb-margin-bottom:45px;--awb-margin-top-small:0px;--awb-margin-right-small:0px;--awb-margin-bottom-small:15px;--awb-margin-left-small:0px;--awb-margin-bottom-medium:20px;\"><h2 class=\"fusion-title-heading title-heading-left fusion-responsive-typography-calculated\" style=\"margin:0;--fontSize:60;line-height:1;\">Saviez-vous que&#8230;<\/h2><\/div><\/div><\/div><div class=\"fusion-layout-column fusion_builder_column fusion-builder-column-3 fusion_builder_column_1_2 1_2 fusion-flex-column fusion-animated\" style=\"--awb-bg-size:cover;--awb-width-large:50%;--awb-margin-top-large:0px;--awb-spacing-right-large:3.84%;--awb-margin-bottom-large:20px;--awb-spacing-left-large:3.84%;--awb-width-medium:50%;--awb-order-medium:0;--awb-spacing-right-medium:3.84%;--awb-spacing-left-medium:3.84%;--awb-width-small:100%;--awb-order-small:0;--awb-spacing-right-small:1.92%;--awb-margin-bottom-small:25px;--awb-spacing-left-small:1.92%;\" data-animationType=\"fadeIn\" data-animationDuration=\"3.0\" data-animationDelay=\"0.5\" data-animationOffset=\"top-into-view\" data-scroll-devices=\"small-visibility,medium-visibility,large-visibility\"><div class=\"fusion-column-wrapper fusion-column-has-shadow fusion-flex-justify-content-flex-start fusion-content-layout-column\"><div class=\"fusion-text fusion-text-3 wbhd-list\" style=\"--awb-font-size:27px;--awb-letter-spacing:1px;--awb-text-color:var(--awb-color1);--awb-text-font-family:&quot;Interstate LightCondensed&quot;;--awb-text-font-style:normal;--awb-text-font-weight:400;\"><ul>\n<li>Les femmes repr\u00e9sentent pr\u00e8s de <strong>70\u00a0% des victimes d\u2019alzheimer.<\/strong><\/li>\n<li>Les <strong>troubles de m\u00e9moire pr\u00e9coces s\u2019aggravent deux fois plus vite chez les femmes<\/strong> et laissent des s\u00e9quelles plus graves.<\/li>\n<li><strong>L\u2019AVC frappe d\u00e9mesur\u00e9ment les femmes\u00a0<\/strong>: elles sont plus nombreuses \u00e0 en mourir, les s\u00e9quelles sont plus graves, elles sont de plus en plus nombreuses \u00e0 vivre avec le contrecoup d\u2019un AVC et elles s\u2019en remettent plus difficilement.<\/li>\n<\/ul>\n<\/div><\/div><\/div><div class=\"fusion-layout-column fusion_builder_column fusion-builder-column-4 fusion_builder_column_1_2 1_2 fusion-flex-column fusion-animated\" style=\"--awb-bg-size:cover;--awb-width-large:50%;--awb-margin-top-large:0px;--awb-spacing-right-large:3.84%;--awb-margin-bottom-large:20px;--awb-spacing-left-large:3.84%;--awb-width-medium:50%;--awb-order-medium:0;--awb-spacing-right-medium:3.84%;--awb-spacing-left-medium:3.84%;--awb-width-small:100%;--awb-order-small:0;--awb-spacing-right-small:1.92%;--awb-spacing-left-small:1.92%;\" data-animationType=\"fadeIn\" data-animationDuration=\"3.0\" data-animationDelay=\"0.5\" data-animationOffset=\"top-into-view\" data-scroll-devices=\"small-visibility,medium-visibility,large-visibility\"><div class=\"fusion-column-wrapper fusion-column-has-shadow fusion-flex-justify-content-flex-start fusion-content-layout-column\"><div class=\"fusion-text fusion-text-4 wbhd-list\" style=\"--awb-font-size:27px;--awb-letter-spacing:1px;--awb-text-color:var(--awb-color1);--awb-text-font-family:&quot;Interstate LightCondensed&quot;;--awb-text-font-style:normal;--awb-text-font-weight:400;\"><ul>\n<li>La d\u00e9pression, le stress et l\u2019anxi\u00e9t\u00e9 s\u2019abattent <strong>deux fois plus sur les femmes que les hommes<\/strong>.<\/li>\n<li>Comparativement aux hommes, <strong>les femmes prennent plus de temps \u00e0 se r\u00e9tablir<\/strong> d\u2019une commotion et leurs sympt\u00f4mes sont plus graves.<\/li>\n<li>On d\u00e9nombre <strong>quatre fois plus de cas de scl\u00e9rose en plaques chez les femmes<\/strong> et elles sont de plus en plus nombreuses \u00e0 en souffrir.<\/li>\n<\/ul>\n<\/div><\/div><\/div><\/div><\/div><div class=\"fusion-fullwidth fullwidth-box fusion-builder-row-3 fusion-flex-container has-pattern-background has-mask-background nonhundred-percent-fullwidth non-hundred-percent-height-scrolling why-support-section3 why-support-section3-fr\" style=\"--awb-border-radius-top-left:0px;--awb-border-radius-top-right:0px;--awb-border-radius-bottom-right:0px;--awb-border-radius-bottom-left:0px;--awb-padding-top:120px;--awb-padding-bottom:80px;--awb-padding-top-medium:80px;--awb-padding-bottom-medium:40px;--awb-background-color:var(--awb-color2);--awb-flex-wrap:wrap;\" ><div class=\"fusion-builder-row fusion-row fusion-flex-align-items-flex-start fusion-flex-content-wrap\" style=\"max-width:1244.88px;margin-left: calc(-4% \/ 2 );margin-right: calc(-4% \/ 2 );\"><div class=\"fusion-layout-column fusion_builder_column fusion-builder-column-5 fusion_builder_column_1_1 1_1 fusion-flex-column fusion-animated\" style=\"--awb-bg-size:cover;--awb-width-large:100%;--awb-margin-top-large:0px;--awb-spacing-right-large:1.92%;--awb-margin-bottom-large:20px;--awb-spacing-left-large:1.92%;--awb-width-medium:100%;--awb-order-medium:0;--awb-spacing-right-medium:1.92%;--awb-spacing-left-medium:1.92%;--awb-width-small:100%;--awb-order-small:0;--awb-spacing-right-small:1.92%;--awb-spacing-left-small:1.92%;\" data-animationType=\"fadeIn\" data-animationDuration=\"3.0\" data-animationDelay=\"0.5\" data-animationOffset=\"top-into-view\" data-scroll-devices=\"small-visibility,medium-visibility,large-visibility\"><div class=\"fusion-column-wrapper fusion-column-has-shadow fusion-flex-justify-content-flex-start fusion-content-layout-column\"><div class=\"fusion-title title fusion-title-3 fusion-sep-none fusion-title-center fusion-title-text fusion-title-size-four\" style=\"--awb-margin-right:1.2vw;--awb-margin-bottom:50px;--awb-margin-left:1.2vw;--awb-margin-top-small:0px;--awb-margin-right-small:0px;--awb-margin-bottom-small:50px;--awb-margin-left-small:0px;--awb-margin-right-medium:0px;--awb-margin-left-medium:0px;\"><h4 class=\"fusion-title-heading title-heading-center fusion-responsive-typography-calculated\" style=\"margin:0;--fontSize:40;line-height:1.2;\">Malgr\u00e9 ces faits alarmants, la grande majorit\u00e9 des recherches sur ces troubles porte avant tout sur les hommes.<\/h4><\/div><div class=\"fusion-text fusion-text-5\" style=\"--awb-content-alignment:center;--awb-font-size:27px;--awb-text-font-family:&quot;Interstate LightCondensed&quot;;--awb-text-font-style:normal;--awb-text-font-weight:400;\"><p><a href=\"https:\/\/womensbrainhealth.org\/\">Women\u2019s Brain Health Initiative<\/a> (WBHI), un organisme de bienfaisance fond\u00e9 en 2012, est la source par excellence de renseignements sur la sant\u00e9 c\u00e9r\u00e9brale des femmes fond\u00e9s sur des donn\u00e9es probantes. WBHI joue un r\u00f4le central dans la sensibilisation aux disparit\u00e9s intol\u00e9rables li\u00e9es \u00e0 la recherche sur le cerveau et les maux qui affligent les femmes d\u00e9mesur\u00e9ment.<\/p>\n<p>Les programmes de recherche, \u00e9ducatifs et de sensibilisation de WBHI sont un incontournable pour am\u00e9liorer la sant\u00e9 c\u00e9r\u00e9brale et mentale des femmes, des aidantes et de leurs proches. Ils font aussi valoir les imp\u00e9ratifs de financement de la recherche pour combattre les maladies du vieillissement c\u00e9r\u00e9bral qui touchent les femmes de mani\u00e8re disproportionn\u00e9e.<\/p>\n<p>Soyez de la partie!<\/p>\n<\/div><\/div><\/div><\/div><\/div><div class=\"fusion-fullwidth fullwidth-box fusion-builder-row-4 fusion-flex-container has-pattern-background has-mask-background nonhundred-percent-fullwidth non-hundred-percent-height-scrolling fusion-animated\" style=\"--awb-border-radius-top-left:0px;--awb-border-radius-top-right:0px;--awb-border-radius-bottom-right:0px;--awb-border-radius-bottom-left:0px;--awb-padding-top:120px;--awb-padding-bottom:100px;--awb-padding-top-medium:80px;--awb-padding-bottom-medium:60px;--awb-padding-top-small:70px;--awb-padding-right-small:0px;--awb-padding-bottom-small:70px;--awb-flex-wrap:wrap;\" data-animationType=\"fadeInDown\" data-animationDuration=\"0.6\" data-animationOffset=\"top-into-view\" ><div class=\"fusion-builder-row fusion-row fusion-flex-align-items-flex-end fusion-flex-content-wrap\" style=\"max-width:1244.88px;margin-left: calc(-4% \/ 2 );margin-right: calc(-4% \/ 2 );\"><div class=\"fusion-layout-column fusion_builder_column fusion-builder-column-6 fusion_builder_column_1_2 1_2 fusion-flex-column fusion-animated\" style=\"--awb-padding-left-small:40px;--awb-bg-size:cover;--awb-width-large:50%;--awb-margin-top-large:0px;--awb-spacing-right-large:0px;--awb-margin-bottom-large:20px;--awb-spacing-left-large:3.84%;--awb-width-medium:50%;--awb-order-medium:0;--awb-spacing-right-medium:3.84%;--awb-spacing-left-medium:3.84%;--awb-width-small:100%;--awb-order-small:0;--awb-spacing-right-small:1.92%;--awb-spacing-left-small:1.92%;\" data-animationType=\"fadeIn\" data-animationDuration=\"3.0\" data-animationDelay=\"0.5\" data-animationOffset=\"top-into-view\" data-scroll-devices=\"small-visibility,medium-visibility,large-visibility\"><div class=\"fusion-column-wrapper fusion-column-has-shadow fusion-flex-justify-content-flex-start fusion-content-layout-column\"><div class=\"fusion-image-element sm-text-align-right\" style=\"--awb-caption-title-font-family:var(--h2_typography-font-family);--awb-caption-title-font-weight:var(--h2_typography-font-weight);--awb-caption-title-font-style:var(--h2_typography-font-style);--awb-caption-title-size:var(--h2_typography-font-size);--awb-caption-title-transform:var(--h2_typography-text-transform);--awb-caption-title-line-height:var(--h2_typography-line-height);--awb-caption-title-letter-spacing:var(--h2_typography-letter-spacing);\"><span class=\" fusion-imageframe imageframe-none imageframe-2 hover-type-none\"><img decoding=\"async\" width=\"598\" height=\"797\" src=\"https:\/\/womensbrainhealthday.org\/wp-content\/uploads\/2024\/02\/WBH_Website_Animation_Selected.gif\" alt class=\"img-responsive wp-image-6220\"\/><\/span><\/div><\/div><\/div><div class=\"fusion-layout-column fusion_builder_column fusion-builder-column-7 fusion_builder_column_1_2 1_2 fusion-flex-column fusion-animated\" style=\"--awb-padding-top:30px;--awb-padding-right:30px;--awb-padding-left:50px;--awb-padding-right-medium:0px;--awb-padding-left-medium:0px;--awb-padding-right-small:30px;--awb-padding-left-small:0px;--awb-bg-size:cover;--awb-width-large:50%;--awb-margin-top-large:0px;--awb-spacing-right-large:3.84%;--awb-margin-bottom-large:20px;--awb-spacing-left-large:3.84%;--awb-width-medium:50%;--awb-order-medium:0;--awb-spacing-right-medium:3.84%;--awb-spacing-left-medium:3.84%;--awb-width-small:100%;--awb-order-small:0;--awb-spacing-right-small:1.92%;--awb-spacing-left-small:1.92%;\" data-animationType=\"fadeIn\" data-animationDuration=\"3.0\" data-animationDelay=\"0.5\" data-animationOffset=\"top-into-view\" data-scroll-devices=\"small-visibility,medium-visibility,large-visibility\"><div class=\"fusion-column-wrapper fusion-column-has-shadow fusion-flex-justify-content-flex-start fusion-content-layout-column\"><div class=\"fusion-title title fusion-title-4 fusion-sep-none fusion-title-text fusion-title-size-two tab-font-size-54\" style=\"--awb-text-color:var(--awb-color6);--awb-margin-bottom:50px;--awb-margin-top-small:0px;--awb-margin-right-small:0px;--awb-margin-bottom-small:15px;--awb-margin-left-small:0px;--awb-margin-bottom-medium:15px;--awb-font-size:87px;\"><h2 class=\"fusion-title-heading title-heading-left fusion-responsive-typography-calculated\" style=\"font-family:&quot;Interstate LightCondensed&quot;;font-style:normal;font-weight:400;margin:0;letter-spacing:2px;font-size:1em;--fontSize:87;line-height:1;\">Aidez-nous<\/h2><\/div><div class=\"fusion-text fusion-text-6 tab-font-size-21\" style=\"--awb-font-size:30px;\"><p>La Journ\u00e9e de la sant\u00e9 c\u00e9r\u00e9brale des femmes vise \u00e0 sensibiliser les gens et \u00e0 recueillir des dons afin que WBHI puisse accro\u00eetre son rayonnement et ses enseignements. Elle vous offre une tribune pour lutter contre les biais de recherche, donner une t\u00eate d\u2019avance \u00e0 la sant\u00e9 c\u00e9r\u00e9brale des femmes et appuyer une cause importante.<\/p>\n<\/div><div class=\"fusion-separator fusion-no-small-visibility fusion-no-medium-visibility fusion-full-width-sep\" style=\"align-self: center;margin-left: auto;margin-right: auto;margin-top:20px;width:100%;\"><\/div><div class=\"fusion-separator fusion-no-small-visibility fusion-no-large-visibility fusion-full-width-sep\" style=\"align-self: center;margin-left: auto;margin-right: auto;margin-top:10px;width:100%;\"><\/div><div ><a class=\"fusion-button button-flat fusion-button-default-size button-default fusion-button-default button-1 fusion-button-span-yes fusion-button-default-type btn-desktop-max-width-326\" target=\"_blank\" rel=\"noopener noreferrer\" href=\"https:\/\/womensbrainhealth.com\/donate-wbhd\/\"><span class=\"fusion-button-text awb-button__text awb-button__text--default\">DONNEZ AUJOURD\u2019HUI<\/span><\/a><\/div><\/div><\/div><\/div><\/div><\/p>\n","protected":false},"excerpt":{"rendered":"","protected":false},"author":2,"featured_media":0,"parent":0,"menu_order":0,"comment_status":"closed","ping_status":"closed","template":"100-width.php","meta":{"footnotes":""},"class_list":["post-7025","page","type-page","status-publish","hentry"],"_links":{"self":[{"href":"https:\/\/womensbrainhealthday.org\/fr\/wp-json\/wp\/v2\/pages\/7025","targetHints":{"allow":["GET"]}}],"collection":[{"href":"https:\/\/womensbrainhealthday.org\/fr\/wp-json\/wp\/v2\/pages"}],"about":[{"href":"https:\/\/womensbrainhealthday.org\/fr\/wp-json\/wp\/v2\/types\/page"}],"author":[{"embeddable":true,"href":"https:\/\/womensbrainhealthday.org\/fr\/wp-json\/wp\/v2\/users\/2"}],"replies":[{"embeddable":true,"href":"https:\/\/womensbrainhealthday.org\/fr\/wp-json\/wp\/v2\/comments?post=7025"}],"version-history":[{"count":0,"href":"https:\/\/womensbrainhealthday.org\/fr\/wp-json\/wp\/v2\/pages\/7025\/revisions"}],"wp:attachment":[{"href":"https:\/\/womensbrainhealthday.org\/fr\/wp-json\/wp\/v2\/media?parent=7025"}],"curies":[{"name":"wp","href":"https:\/\/api.w.org\/{rel}","templated":true}]}}