{"id":7031,"date":"2024-03-28T02:07:07","date_gmt":"2024-03-28T06:07:07","guid":{"rendered":"https:\/\/womensbrainhealthday.org\/?page_id=7031"},"modified":"2024-12-05T16:17:53","modified_gmt":"2024-12-05T21:17:53","slug":"notifier","status":"publish","type":"page","link":"https:\/\/womensbrainhealthday.org\/fr\/notifier\/","title":{"rendered":"Recevez des alertes"},"content":{"rendered":"<div class=\"fusion-fullwidth fullwidth-box fusion-builder-row-1 fusion-flex-container has-pattern-background has-mask-background nonhundred-percent-fullwidth non-hundred-percent-height-scrolling\" style=\"--awb-border-radius-top-left:0px;--awb-border-radius-top-right:0px;--awb-border-radius-bottom-right:0px;--awb-border-radius-bottom-left:0px;--awb-padding-top-small:100px;--awb-padding-bottom-small:50px;--awb-background-color:#f4c8ce;--awb-flex-wrap:wrap;\" ><div class=\"fusion-builder-row fusion-row fusion-flex-align-items-center fusion-flex-content-wrap\" style=\"max-width:1244.88px;margin-left: calc(-4% \/ 2 );margin-right: calc(-4% \/ 2 );\"><div class=\"fusion-layout-column fusion_builder_column fusion-builder-column-0 fusion_builder_column_1_2 1_2 fusion-flex-column fusion-animated\" style=\"--awb-padding-top:150px;--awb-padding-left-medium:33px;--awb-padding-top-small:0px;--awb-padding-bottom-small:30px;--awb-padding-left-small:0px;--awb-bg-size:cover;--awb-width-large:50%;--awb-margin-top-large:0px;--awb-spacing-right-large:3.84%;--awb-margin-bottom-large:0px;--awb-spacing-left-large:3.84%;--awb-width-medium:47%;--awb-order-medium:0;--awb-spacing-right-medium:0px;--awb-spacing-left-medium:4.0851063829787%;--awb-width-small:100%;--awb-order-small:2;--awb-spacing-right-small:1.92%;--awb-spacing-left-small:1.92%;\" data-animationType=\"fadeIn\" data-animationDuration=\"3.0\" data-animationOffset=\"top-into-view\" data-scroll-devices=\"small-visibility,medium-visibility,large-visibility\"><div class=\"fusion-column-wrapper fusion-column-has-shadow fusion-flex-justify-content-flex-start fusion-content-layout-column\"><div class=\"fusion-title title fusion-title-1 fusion-sep-none fusion-title-text fusion-title-size-two waitlist-page-title mobile-hide-line-break\" style=\"--awb-margin-bottom:15px;--awb-margin-top-small:0px;--awb-margin-right-small:0px;--awb-margin-bottom-small:15px;--awb-margin-left-small:0px;\"><h2 class=\"fusion-title-heading title-heading-left fusion-responsive-typography-calculated\" style=\"margin:0;--fontSize:60;line-height:1;\">Inscrivez-vous \u00e0<br \/>\nla liste de diffusion<\/h2><\/div><div class=\"fusion-text fusion-text-1 waitlist-banner-text\" style=\"--awb-font-size:28px;--awb-text-color:var(--awb-color7);\"><p>Vous recevrez un courriel lorsque les d\u00e9tails de l\u2019\u00e9v\u00e9nement 2025 seront diffus\u00e9s, ainsi que des conseils et des nouvelles au sujet de la sant\u00e9 c\u00e9r\u00e9brale.<\/p>\n<\/div><style>\n#subForm {\nmargin-top:15px;\n}\n#subForm input {\nbackground: none;\nborder: none;\nborder-bottom: 5px solid #ad5da5;\nborder-radius: 0 !important;\npadding: 0;\nfont-family: 'Interstate Condensed Regular';\nfont-weight: normal;\ncolor: #401335;\nfont-size: 25px;\nwidth: 100%;\nline-height: 1;\nheight: 50px;\nmargin-bottom: 30px;\n}\n#subForm input::-webkit-input-placeholder {\n  color: #401335;\n  font-family: 'Interstate LightCondensed';\n}\n#subForm input::-moz-placeholder {\n  color: #401335;\n  font-family: 'Interstate LightCondensed';\n}\n#subForm input:-ms-input-placeholder {\n  color: #401335;\n  font-family: 'Interstate LightCondensed';\n}\n#subForm input:-moz-placeholder {\n  color: #401335;\n  font-family: 'Interstate LightCondensed';\n}\n#subForm input:focus {\n  border-bottom: 10px solid #ad5da5;\n  font-family: 'Interstate Condensed Regular';\n}\n#subForm input:focus::-webkit-input-placeholder {\n  font-family: 'Interstate Condensed Regular';\n}\n#subForm input:focus::-moz-placeholder {\n  font-family: 'Interstate Condensed Regular';\n}\n#subForm input:focus:-ms-input-placeholder {\n  font-family: 'Interstate Condensed Regular';\n}\n#subForm input:focus:-moz-placeholder {\n  font-family: 'Interstate Condensed Regular';\n}\n#subForm button {\nbackground: #92469b;\nborder: 0;\nheight: 69px;\nwidth: 100%;\nfont-family: 'Interstate Condensed Bold';\nfont-weight: 400;\nfont-size: 29px;\ntext-transform: uppercase;\ncolor: #fff;\nmargin-top: 15px;\ncursor: pointer;\n}\n#subForm button:hover {\nbackground: #e67b95;\n}\n@media screen and (min-width: 1025px) {\n  #subForm button {\n  max-width: 326px;\n  }\n}\n@media screen and (max-width: 1024px) {\n  #subForm button {\n  margin-top: 0;\n  }\n}\n<\/style>\n<div>\n<form class=\"js-cm-form\" id=\"subForm\" action=\"https:\/\/www.createsend.com\/t\/subscribeerror?description=\" method=\"post\" data-id=\"2BE4EF332AA2E32596E38B640E90561927CD2C4AEE5CA3CD266C9D202DFF93AA29E9CC9E6E6DA4EA5067B644627CAC7DA8AFA4F5757A676E713CDB90112D1E6B\">\n<div>\n<div>\n<input aria-label=\"Name\" id=\"fieldName\" maxlength=\"200\" name=\"cm-name\" placeholder=\"Pr\u00e9nom*\">\n<\/div>\n<div>\n<input autocomplete=\"Email\" aria-label=\"Email\" class=\"js-cm-email-input qa-input-email\" id=\"fieldEmail\" maxlength=\"200\" name=\"cm-pkdky-pkdky\" required=\"\" type=\"email\" placeholder=\"Courriel*\">\n<\/div>\n<div style=\"display: none\">\n<label>Notify me about WBHD <\/label>\n<span>\n<select aria-label=\"Notify me about WBHD\" id=\"fieldtitrthh\" name=\"cm-fo-titrthh\" value=\"3624843\">\n<option value=\"3624843\">Yes<\/option>\n<\/select>\n<\/span>\n<\/div>\n<\/div>\n<button type=\"submit\">M\u2019inscrire<\/button>\n<\/form>\n<\/div>\n<script type=\"text\/javascript\" src=\"https:\/\/js.createsend1.com\/javascript\/copypastesubscribeformlogic.js\"><\/script><\/div><\/div><div class=\"fusion-layout-column fusion_builder_column fusion-builder-column-1 fusion_builder_column_1_2 1_2 fusion-flex-column fusion-animated\" style=\"--awb-bg-size:cover;--awb-width-large:50%;--awb-margin-top-large:0px;--awb-spacing-right-large:3.84%;--awb-margin-bottom-large:0px;--awb-spacing-left-large:3.84%;--awb-width-medium:53%;--awb-order-medium:0;--awb-spacing-right-medium:3.622641509434%;--awb-spacing-left-medium:3.622641509434%;--awb-width-small:100%;--awb-order-small:1;--awb-spacing-right-small:1.92%;--awb-spacing-left-small:1.92%;\" data-animationType=\"fadeIn\" data-animationDuration=\"3.0\" data-animationOffset=\"top-into-view\" data-scroll-devices=\"small-visibility,medium-visibility,large-visibility\"><div class=\"fusion-column-wrapper fusion-column-has-shadow fusion-flex-justify-content-flex-start fusion-content-layout-column\"><div class=\"fusion-text fusion-text-2 fusion-no-small-visibility fusion-no-medium-visibility fusion-text-no-margin\" style=\"--awb-margin-bottom:0px;\"><div class=\"waitlist-banner-graphic\"><img decoding=\"async\" src=\"https:\/\/womensbrainhealthday.org\/wp-content\/uploads\/2024\/03\/Why-Support-banner-graphic-desktop.png\" \/><\/div>\n<\/div><div class=\"fusion-image-element fusion-no-small-visibility fusion-no-large-visibility\" style=\"--awb-margin-right-medium:-30px;--awb-margin-left-medium:-30px;--awb-caption-title-font-family:var(--h2_typography-font-family);--awb-caption-title-font-weight:var(--h2_typography-font-weight);--awb-caption-title-font-style:var(--h2_typography-font-style);--awb-caption-title-size:var(--h2_typography-font-size);--awb-caption-title-transform:var(--h2_typography-text-transform);--awb-caption-title-line-height:var(--h2_typography-line-height);--awb-caption-title-letter-spacing:var(--h2_typography-letter-spacing);\"><span class=\" fusion-imageframe imageframe-none imageframe-1 hover-type-none\"><img decoding=\"async\" width=\"564\" height=\"900\" src=\"https:\/\/womensbrainhealthday.org\/wp-content\/uploads\/2024\/03\/waitlist-graphic-tablete-1.png\" alt class=\"img-responsive wp-image-6969\" srcset=\"https:\/\/womensbrainhealthday.org\/wp-content\/uploads\/2024\/03\/waitlist-graphic-tablete-1-200x319.png 200w, https:\/\/womensbrainhealthday.org\/wp-content\/uploads\/2024\/03\/waitlist-graphic-tablete-1-400x638.png 400w, https:\/\/womensbrainhealthday.org\/wp-content\/uploads\/2024\/03\/waitlist-graphic-tablete-1.png 564w\" sizes=\"(max-width: 767px) 100vw, 564px\" \/><\/span><\/div><div class=\"fusion-image-element fusion-no-medium-visibility fusion-no-large-visibility\" style=\"--awb-margin-right-small:-30px;--awb-margin-bottom-small:30px;--awb-caption-title-font-family:var(--h2_typography-font-family);--awb-caption-title-font-weight:var(--h2_typography-font-weight);--awb-caption-title-font-style:var(--h2_typography-font-style);--awb-caption-title-size:var(--h2_typography-font-size);--awb-caption-title-transform:var(--h2_typography-text-transform);--awb-caption-title-line-height:var(--h2_typography-line-height);--awb-caption-title-letter-spacing:var(--h2_typography-letter-spacing);\"><span class=\" fusion-imageframe imageframe-none imageframe-2 hover-type-none\"><img decoding=\"async\" width=\"716\" height=\"688\" src=\"https:\/\/womensbrainhealthday.org\/wp-content\/uploads\/2024\/02\/Why-Support-banner-graphic-mobile-1.png\" alt class=\"img-responsive wp-image-6486\" srcset=\"https:\/\/womensbrainhealthday.org\/wp-content\/uploads\/2024\/02\/Why-Support-banner-graphic-mobile-1-200x192.png 200w, https:\/\/womensbrainhealthday.org\/wp-content\/uploads\/2024\/02\/Why-Support-banner-graphic-mobile-1-400x384.png 400w, https:\/\/womensbrainhealthday.org\/wp-content\/uploads\/2024\/02\/Why-Support-banner-graphic-mobile-1-600x577.png 600w, https:\/\/womensbrainhealthday.org\/wp-content\/uploads\/2024\/02\/Why-Support-banner-graphic-mobile-1.png 716w\" sizes=\"(max-width: 767px) 100vw, 600px\" \/><\/span><\/div><\/div><\/div><\/div><\/div>\n","protected":false},"excerpt":{"rendered":"","protected":false},"author":2,"featured_media":0,"parent":0,"menu_order":0,"comment_status":"closed","ping_status":"closed","template":"100-width.php","meta":{"footnotes":""},"class_list":["post-7031","page","type-page","status-publish","hentry"],"_links":{"self":[{"href":"https:\/\/womensbrainhealthday.org\/fr\/wp-json\/wp\/v2\/pages\/7031","targetHints":{"allow":["GET"]}}],"collection":[{"href":"https:\/\/womensbrainhealthday.org\/fr\/wp-json\/wp\/v2\/pages"}],"about":[{"href":"https:\/\/womensbrainhealthday.org\/fr\/wp-json\/wp\/v2\/types\/page"}],"author":[{"embeddable":true,"href":"https:\/\/womensbrainhealthday.org\/fr\/wp-json\/wp\/v2\/users\/2"}],"replies":[{"embeddable":true,"href":"https:\/\/womensbrainhealthday.org\/fr\/wp-json\/wp\/v2\/comments?post=7031"}],"version-history":[{"count":0,"href":"https:\/\/womensbrainhealthday.org\/fr\/wp-json\/wp\/v2\/pages\/7031\/revisions"}],"wp:attachment":[{"href":"https:\/\/womensbrainhealthday.org\/fr\/wp-json\/wp\/v2\/media?parent=7031"}],"curies":[{"name":"wp","href":"https:\/\/api.w.org\/{rel}","templated":true}]}}