{"id":7330,"date":"2024-11-19T00:10:58","date_gmt":"2024-11-19T05:10:58","guid":{"rendered":"https:\/\/womensbrainhealthday.org\/?page_id=7330"},"modified":"2024-12-16T17:01:25","modified_gmt":"2024-12-16T22:01:25","slug":"defi-2024","status":"publish","type":"page","link":"https:\/\/womensbrainhealthday.org\/fr\/une-tete-davance\/defi-2024\/","title":{"rendered":"D\u00e9fi 2024"},"content":{"rendered":"<p><div class=\"fusion-fullwidth fullwidth-box fusion-builder-row-1 fusion-flex-container has-pattern-background has-mask-background fusion-parallax-none nonhundred-percent-fullwidth non-hundred-percent-height-scrolling\" style=\"--awb-background-position:center top;--awb-border-radius-top-left:0px;--awb-border-radius-top-right:0px;--awb-border-radius-bottom-right:0px;--awb-border-radius-bottom-left:0px;--awb-padding-top:365px;--awb-padding-bottom:250px;--awb-padding-top-medium:345px;--awb-padding-bottom-medium:110px;--awb-padding-bottom-small:125px;--awb-background-image:url(&quot;https:\/\/womensbrainhealthday.org\/wp-content\/uploads\/2024\/12\/tree-balance-pose-challenge-2024-header2.jpg&quot;);--awb-background-size:cover;--awb-flex-wrap:wrap;\" ><div class=\"fusion-builder-row fusion-row fusion-flex-align-items-flex-start fusion-flex-content-wrap\" style=\"max-width:1244.88px;margin-left: calc(-4% \/ 2 );margin-right: calc(-4% \/ 2 );\"><div class=\"fusion-layout-column fusion_builder_column fusion-builder-column-0 fusion_builder_column_1_1 1_1 fusion-flex-column fusion-animated\" style=\"--awb-bg-size:cover;--awb-width-large:100%;--awb-margin-top-large:0px;--awb-spacing-right-large:1.92%;--awb-margin-bottom-large:20px;--awb-spacing-left-large:1.92%;--awb-width-medium:100%;--awb-order-medium:0;--awb-spacing-right-medium:1.92%;--awb-spacing-left-medium:1.92%;--awb-width-small:100%;--awb-order-small:0;--awb-spacing-right-small:1.92%;--awb-spacing-left-small:1.92%;\" data-animationType=\"fadeIn\" data-animationDuration=\"3.0\" data-animationOffset=\"top-into-view\" data-scroll-devices=\"small-visibility,medium-visibility,large-visibility\"><div class=\"fusion-column-wrapper fusion-column-has-shadow fusion-flex-justify-content-flex-start fusion-content-layout-column\"><div class=\"fusion-title title fusion-title-1 fusion-sep-none fusion-title-center fusion-title-text fusion-title-size-two sac-sub-page-banner-title\" style=\"--awb-text-color:var(--awb-color1);--awb-margin-bottom:0px;--awb-margin-top-small:0px;--awb-margin-right-small:0px;--awb-margin-bottom-small:0px;--awb-margin-left-small:0px;--awb-font-size:60px;\"><h2 class=\"fusion-title-heading title-heading-center fusion-responsive-typography-calculated\" style=\"margin:0;font-size:1em;--fontSize:60;line-height:1;\">Une t\u00eate d\u2019avance 2024<\/h2><\/div><div class=\"fusion-title title fusion-title-2 fusion-sep-none fusion-title-center fusion-title-text fusion-title-size-two sac-sub-page-banner-title\" style=\"--awb-text-color:var(--awb-color1);--awb-margin-bottom:0px;--awb-margin-top-small:0px;--awb-margin-right-small:0px;--awb-margin-bottom-small:0px;--awb-margin-left-small:0px;--awb-font-size:60px;\"><h2 class=\"fusion-title-heading title-heading-center fusion-responsive-typography-calculated\" style=\"font-family:&quot;Interstate Condensed Bold&quot;;font-style:normal;font-weight:400;margin:0;font-size:1em;--fontSize:60;line-height:1;\">Le d\u00e9fi d\u2019\u00e9quilibre Posture de l\u2019arbre<\/h2><\/div><\/div><\/div><\/div><\/div><div class=\"fusion-fullwidth fullwidth-box fusion-builder-row-2 fusion-flex-container has-pattern-background has-mask-background nonhundred-percent-fullwidth non-hundred-percent-height-scrolling\" style=\"--awb-border-radius-top-left:0px;--awb-border-radius-top-right:0px;--awb-border-radius-bottom-right:0px;--awb-border-radius-bottom-left:0px;--awb-padding-top:100px;--awb-padding-bottom:80px;--awb-padding-top-medium:70px;--awb-padding-bottom-medium:50px;--awb-padding-top-small:70px;--awb-padding-bottom-small:40px;--awb-background-color:var(--awb-custom_color_3);--awb-flex-wrap:wrap;\" ><div class=\"fusion-builder-row fusion-row fusion-flex-align-items-center fusion-flex-content-wrap\" style=\"max-width:1244.88px;margin-left: calc(-4% \/ 2 );margin-right: calc(-4% \/ 2 );\"><div class=\"fusion-layout-column fusion_builder_column fusion-builder-column-1 fusion_builder_column_1_2 1_2 fusion-flex-column fusion-animated\" style=\"--awb-bg-size:cover;--awb-width-large:50%;--awb-margin-top-large:0px;--awb-spacing-right-large:3.84%;--awb-margin-bottom-large:20px;--awb-spacing-left-large:3.84%;--awb-width-medium:50%;--awb-order-medium:0;--awb-spacing-right-medium:3.84%;--awb-spacing-left-medium:3.84%;--awb-width-small:100%;--awb-order-small:0;--awb-spacing-right-small:1.92%;--awb-margin-bottom-small:45px;--awb-spacing-left-small:1.92%;\" data-animationType=\"fadeIn\" data-animationDuration=\"3.0\" data-animationDelay=\"0.5\" data-animationOffset=\"top-into-view\" data-scroll-devices=\"small-visibility,medium-visibility,large-visibility\"><div class=\"fusion-column-wrapper fusion-column-has-shadow fusion-flex-justify-content-flex-start fusion-content-layout-column\"><div class=\"fusion-video fusion-vimeo\" style=\"--awb-max-width:4000px;--awb-max-height:2250px;--awb-align-self:center;--awb-width:100%;\"><div class=\"video-shortcode\"><div class=\"fluid-width-video-wrapper\" style=\"padding-top:56.25%;\" ><iframe title=\"Vimeo video player 1\" src=\"https:\/\/player.vimeo.com\/video\/1039115066?autoplay=0&amp;autopause=0\" width=\"4000\" height=\"2250\" allowfullscreen allow=\"autoplay; fullscreen\"><\/iframe><\/div><\/div><\/div><\/div><\/div><div class=\"fusion-layout-column fusion_builder_column fusion-builder-column-2 fusion_builder_column_1_2 1_2 fusion-flex-column fusion-animated\" style=\"--awb-bg-size:cover;--awb-width-large:50%;--awb-margin-top-large:0px;--awb-spacing-right-large:3.84%;--awb-margin-bottom-large:20px;--awb-spacing-left-large:3.84%;--awb-width-medium:50%;--awb-order-medium:0;--awb-spacing-right-medium:3.84%;--awb-spacing-left-medium:3.84%;--awb-width-small:100%;--awb-order-small:0;--awb-spacing-right-small:1.92%;--awb-spacing-left-small:1.92%;\" data-animationType=\"fadeIn\" data-animationDuration=\"3.0\" data-animationOffset=\"top-into-view\" data-scroll-devices=\"small-visibility,medium-visibility,large-visibility\"><div class=\"fusion-column-wrapper fusion-column-has-shadow fusion-flex-justify-content-flex-start fusion-content-layout-column\"><div class=\"fusion-counters-box counters-box row fusion-clearfix fusion-columns-1 sa-challenge-counter\" style=\"--awb-body-color:var(--awb-color7);--awb-body-size:34;--awb-border-color:rgba(224,222,222,0);--awb-color:var(--awb-color6);--awb-title-size:85;--awb-border-color:rgba(224,222,222,0);\"><div class=\"fusion-counter-box fusion-column col-counter-box counter-box-wrapper col-lg-12 col-md-12 col-sm-12\" data-animationOffset=\"top-into-view\"><div class=\"counter-box-container\"><div class=\"content-box-percentage content-box-counter\"><span class=\"display-counter\" data-value=\"500000\" data-delimiter=\" \" data-direction=\"up\" data-decimals=\"0\">0<\/span><span class=\"unit\"> $<\/span><\/div><div class=\"counter-box-content\">500\u00a0000\u00a0$ en <strong>NOUVEAUX<\/strong> fonds au profit de la recherche sur l\u2019impact des m\u00e9dias sociaux sur la sant\u00e9 mentale des jeunes.<\/div><\/div><\/div><\/div><\/div><\/div><\/div><\/div><div class=\"fusion-fullwidth fullwidth-box fusion-builder-row-3 fusion-flex-container has-pattern-background has-mask-background nonhundred-percent-fullwidth non-hundred-percent-height-scrolling fusion-animated\" style=\"--awb-border-radius-top-left:0px;--awb-border-radius-top-right:0px;--awb-border-radius-bottom-right:0px;--awb-border-radius-bottom-left:0px;--awb-padding-top:80px;--awb-padding-bottom:80px;--awb-padding-top-small:60px;--awb-padding-bottom-small:30px;--awb-flex-wrap:wrap;\" data-animationType=\"fadeIn\" data-animationDuration=\"3.0\" data-animationDelay=\"0.5\" data-animationOffset=\"top-into-view\" ><div class=\"fusion-builder-row fusion-row fusion-flex-align-items-flex-start fusion-flex-content-wrap\" style=\"max-width:1244.88px;margin-left: calc(-4% \/ 2 );margin-right: calc(-4% \/ 2 );\"><div class=\"fusion-layout-column fusion_builder_column fusion-builder-column-3 fusion_builder_column_1_2 1_2 fusion-flex-column\" style=\"--awb-padding-top:37px;--awb-padding-top-medium:3.6vw;--awb-padding-top-small:25px;--awb-bg-size:cover;--awb-width-large:50%;--awb-margin-top-large:0px;--awb-spacing-right-large:3.84%;--awb-margin-bottom-large:20px;--awb-spacing-left-large:3.84%;--awb-width-medium:50%;--awb-order-medium:0;--awb-spacing-right-medium:3.84%;--awb-spacing-left-medium:3.84%;--awb-width-small:100%;--awb-order-small:2;--awb-spacing-right-small:1.92%;--awb-spacing-left-small:1.92%;\" data-scroll-devices=\"small-visibility,medium-visibility,large-visibility\"><div class=\"fusion-column-wrapper fusion-column-has-shadow fusion-flex-justify-content-flex-start fusion-content-layout-column\"><div class=\"fusion-title title fusion-title-3 fusion-sep-none fusion-title-text fusion-title-size-two sac-sub-page-body-heading\" style=\"--awb-margin-bottom:0px;--awb-margin-top-small:0px;--awb-margin-right-small:0px;--awb-margin-bottom-small:0px;--awb-margin-left-small:0px;\"><h2 class=\"fusion-title-heading title-heading-left fusion-responsive-typography-calculated\" style=\"margin:0;--fontSize:60;line-height:1;\"><p>Le d\u00e9fi d\u2019\u00e9quilibre<br \/>\nPosture de l\u2019arbre<br \/>\nUne t\u00eate d\u2019avance<\/p><\/h2><\/div><div class=\"fusion-text fusion-text-1 fusion-text-no-margin sac-sub-page-body-sub-heading\" style=\"--awb-font-size:30px;--awb-text-color:var(--awb-color8);--awb-margin-bottom:25px;--awb-text-font-family:&quot;Interstate Condensed Regular&quot;;--awb-text-font-style:normal;--awb-text-font-weight:400;\"><p>LE D\u00c9FI&#8230;<\/p>\n<\/div><div class=\"fusion-text fusion-text-2 fusion-text-no-margin sac-sub-page-body-text\" style=\"--awb-font-size:27px;--awb-text-color:var(--awb-color8);--awb-margin-bottom:30px;--awb-text-font-family:&quot;Interstate LightCondensed&quot;;--awb-text-font-style:normal;--awb-text-font-weight:400;\"><p>Pratiquez votre \u00e9quilibre et concentration en maintenant la posture de l\u2019arbre avec les yeux ferm\u00e9s pendant 10\u00a0secondes. Gardez le dossier d\u2019une chaise \u00e0 port\u00e9e de main pour vous stabiliser au cas o\u00f9 vous perdez l\u2019\u00e9quilibre\u00a0!<\/p>\n<\/div><div class=\"fusion-text fusion-text-3 fusion-text-no-margin sac-sub-page-body-text\" style=\"--awb-font-size:27px;--awb-text-color:var(--awb-color8);--awb-margin-bottom:30px;--awb-text-font-family:&quot;Interstate LightCondensed&quot;;--awb-text-font-style:normal;--awb-text-font-weight:400;\"><p>Enregistrez-vous en train de relever le d\u00e9fi et publiez votre vid\u00e9o sur Instragram accompagn\u00e9e du mot-clic #StandAhead, tout en invitant deux amis \u00e0 relever le d\u00e9fi et \u00e0 faire un don \u00e0 Women\u2019s Brain Health Initiative au profit de la recherche sur l\u2019impact des m\u00e9dias sociaux sur la sant\u00e9 mentale des jeunes. Un don de 20\u00a0$ et plus donne droit \u00e0 un re\u00e7u fiscal.<\/p>\n<\/div><div class=\"fusion-text fusion-text-4 sac-sub-page-body-text\" style=\"--awb-font-size:27px;--awb-text-color:var(--awb-color8);--awb-text-font-family:&quot;Interstate LightCondensed&quot;;--awb-text-font-style:normal;--awb-text-font-weight:400;\"><p><strong>Le d\u00e9fi 2024 a \u00e9t\u00e9 imagin\u00e9 par Meaghann Blanchett.<\/strong><\/p>\n<\/div><\/div><\/div><div class=\"fusion-layout-column fusion_builder_column fusion-builder-column-4 fusion_builder_column_1_2 1_2 fusion-flex-column\" style=\"--awb-bg-size:cover;--awb-width-large:50%;--awb-margin-top-large:0px;--awb-spacing-right-large:3.84%;--awb-margin-bottom-large:20px;--awb-spacing-left-large:3.84%;--awb-width-medium:50%;--awb-order-medium:0;--awb-spacing-right-medium:3.84%;--awb-spacing-left-medium:3.84%;--awb-width-small:100%;--awb-order-small:1;--awb-spacing-right-small:1.92%;--awb-spacing-left-small:1.92%;\"><div class=\"fusion-column-wrapper fusion-column-has-shadow fusion-flex-justify-content-flex-start fusion-content-layout-column\"><div class=\"fusion-image-element sm-text-align-left\" style=\"text-align:right;--awb-max-width:520px;--awb-caption-title-font-family:var(--h2_typography-font-family);--awb-caption-title-font-weight:var(--h2_typography-font-weight);--awb-caption-title-font-style:var(--h2_typography-font-style);--awb-caption-title-size:var(--h2_typography-font-size);--awb-caption-title-transform:var(--h2_typography-text-transform);--awb-caption-title-line-height:var(--h2_typography-line-height);--awb-caption-title-letter-spacing:var(--h2_typography-letter-spacing);\"><span class=\" fusion-imageframe imageframe-none imageframe-1 hover-type-none\"><img decoding=\"async\" width=\"517\" height=\"559\" title=\"tree-balance-pose-challenge-illustration\" src=\"https:\/\/womensbrainhealthday.org\/wp-content\/uploads\/2024\/11\/tree-balance-pose-challenge-illustration.png\" alt class=\"img-responsive wp-image-7324\" srcset=\"https:\/\/womensbrainhealthday.org\/wp-content\/uploads\/2024\/11\/tree-balance-pose-challenge-illustration-200x216.png 200w, https:\/\/womensbrainhealthday.org\/wp-content\/uploads\/2024\/11\/tree-balance-pose-challenge-illustration-400x432.png 400w, https:\/\/womensbrainhealthday.org\/wp-content\/uploads\/2024\/11\/tree-balance-pose-challenge-illustration.png 517w\" sizes=\"(max-width: 767px) 100vw, 517px\" \/><\/span><\/div><\/div><\/div><\/div><\/div><\/p>\n","protected":false},"excerpt":{"rendered":"","protected":false},"author":1,"featured_media":0,"parent":7028,"menu_order":0,"comment_status":"closed","ping_status":"closed","template":"100-width.php","meta":{"footnotes":""},"class_list":["post-7330","page","type-page","status-publish","hentry"],"_links":{"self":[{"href":"https:\/\/womensbrainhealthday.org\/fr\/wp-json\/wp\/v2\/pages\/7330","targetHints":{"allow":["GET"]}}],"collection":[{"href":"https:\/\/womensbrainhealthday.org\/fr\/wp-json\/wp\/v2\/pages"}],"about":[{"href":"https:\/\/womensbrainhealthday.org\/fr\/wp-json\/wp\/v2\/types\/page"}],"author":[{"embeddable":true,"href":"https:\/\/womensbrainhealthday.org\/fr\/wp-json\/wp\/v2\/users\/1"}],"replies":[{"embeddable":true,"href":"https:\/\/womensbrainhealthday.org\/fr\/wp-json\/wp\/v2\/comments?post=7330"}],"version-history":[{"count":0,"href":"https:\/\/womensbrainhealthday.org\/fr\/wp-json\/wp\/v2\/pages\/7330\/revisions"}],"up":[{"embeddable":true,"href":"https:\/\/womensbrainhealthday.org\/fr\/wp-json\/wp\/v2\/pages\/7028"}],"wp:attachment":[{"href":"https:\/\/womensbrainhealthday.org\/fr\/wp-json\/wp\/v2\/media?parent=7330"}],"curies":[{"name":"wp","href":"https:\/\/api.w.org\/{rel}","templated":true}]}}